{"id":99,"date":"2025-04-22T11:56:15","date_gmt":"2025-04-22T11:56:15","guid":{"rendered":"https:\/\/coachingalicante.com\/?post_type=product&#038;p=99"},"modified":"2025-05-07T10:05:31","modified_gmt":"2025-05-07T10:05:31","slug":"coaching-mercantil-fiscal-y-financiero-para-empresas","status":"publish","type":"product","link":"https:\/\/coachingalicante.com\/en\/producto\/coaching-mercantil-fiscal-y-financiero-para-empresas\/","title":{"rendered":"Coaching Mercantil, Fiscal y Financiero para Empresas"},"content":{"rendered":"<p>En Grupo Vilanova lanzamos un nuevo servicio de <strong>coaching especializado para empresas y negocios familiares<\/strong> que quieren ir un paso m\u00e1s all\u00e1 en la gesti\u00f3n mercantil, fiscal y financiera.<\/p>\n<p>Porque dirigir una empresa hoy va mucho m\u00e1s all\u00e1 de cumplir con las obligaciones. Requiere anticiparse, tomar decisiones con criterio y tener una visi\u00f3n global de tu situaci\u00f3n empresarial y personal. Y eso es exactamente lo que te proponemos: un acompa\u00f1amiento experto, adaptado a ti, que te ayude a optimizar tus recursos, reducir riesgos y potenciar tu rentabilidad.<\/p>\n","protected":false},"excerpt":{"rendered":"<p>En Grupo Vilanova no solo asesoramos: te acompa\u00f1amos. Ponemos nuestra experiencia de m\u00e1s de 40 a\u00f1os al servicio de tu empresa, con un equipo multidisciplinar que combina conocimiento legal, fiscal y financiero.<\/p>\n","protected":false},"featured_media":135,"template":"","meta":[],"product_brand":[],"product_cat":[21],"product_tag":[],"class_list":{"0":"post-99","1":"product","2":"type-product","3":"status-publish","4":"has-post-thumbnail","6":"product_cat-sin-categorizar","8":"first","9":"instock","10":"virtual","11":"sold-individually","12":"purchasable","13":"product-type-simple"},"yoast_head":"<!-- This site is optimized with the Yoast SEO plugin v27.3 - https:\/\/yoast.com\/product\/yoast-seo-wordpress\/ -->\n<title>Coaching Mercantil, Fiscal y Financiero para Empresas - Coaching Alicante<\/title>\n<meta name=\"description\" content=\"Con un equipo de m\u00e1s de 40 profesionales y m\u00e1s de cuatro d\u00e9cadas de experiencia, garantizamos un servicio adaptado a las necesidades de empresas.\" \/>\n<meta name=\"robots\" content=\"index, follow, max-snippet:-1, max-image-preview:large, max-video-preview:-1\" \/>\n<link rel=\"canonical\" href=\"https:\/\/coachingalicante.com\/en\/producto\/coaching-mercantil-fiscal-y-financiero-para-empresas\/\" \/>\n<meta property=\"og:locale\" content=\"en_US\" \/>\n<meta property=\"og:type\" content=\"article\" \/>\n<meta property=\"og:title\" content=\"Coaching Mercantil, Fiscal y Financiero para Empresas - Coaching Alicante\" \/>\n<meta property=\"og:description\" content=\"Con un equipo de m\u00e1s de 40 profesionales y m\u00e1s de cuatro d\u00e9cadas de experiencia, garantizamos un servicio adaptado a las necesidades de empresas.\" \/>\n<meta property=\"og:url\" content=\"https:\/\/coachingalicante.com\/en\/producto\/coaching-mercantil-fiscal-y-financiero-para-empresas\/\" \/>\n<meta property=\"og:site_name\" content=\"Coaching Alicante\" \/>\n<meta property=\"article:modified_time\" content=\"2025-05-07T10:05:31+00:00\" \/>\n<meta property=\"og:image\" content=\"https:\/\/coachingalicante.com\/wp-content\/uploads\/2025\/04\/grupovilanova_empresas-min-1.jpg\" \/>\n\t<meta property=\"og:image:width\" content=\"1920\" \/>\n\t<meta property=\"og:image:height\" content=\"700\" \/>\n\t<meta property=\"og:image:type\" content=\"image\/jpeg\" \/>\n<meta name=\"twitter:card\" content=\"summary_large_image\" \/>\n<meta name=\"twitter:label1\" content=\"Est. reading time\" \/>\n\t<meta name=\"twitter:data1\" content=\"1 minute\" \/>\n<script type=\"application\/ld+json\" class=\"yoast-schema-graph\">{\"@context\":\"https:\\\/\\\/schema.org\",\"@graph\":[{\"@type\":\"WebPage\",\"@id\":\"https:\\\/\\\/coachingalicante.com\\\/en\\\/producto\\\/coaching-mercantil-fiscal-y-financiero-para-empresas\\\/\",\"url\":\"https:\\\/\\\/coachingalicante.com\\\/en\\\/producto\\\/coaching-mercantil-fiscal-y-financiero-para-empresas\\\/\",\"name\":\"Coaching Mercantil, Fiscal y Financiero para Empresas - Coaching Alicante\",\"isPartOf\":{\"@id\":\"https:\\\/\\\/coachingalicante.com\\\/en\\\/#website\"},\"primaryImageOfPage\":{\"@id\":\"https:\\\/\\\/coachingalicante.com\\\/en\\\/producto\\\/coaching-mercantil-fiscal-y-financiero-para-empresas\\\/#primaryimage\"},\"image\":{\"@id\":\"https:\\\/\\\/coachingalicante.com\\\/en\\\/producto\\\/coaching-mercantil-fiscal-y-financiero-para-empresas\\\/#primaryimage\"},\"thumbnailUrl\":\"https:\\\/\\\/coachingalicante.com\\\/wp-content\\\/uploads\\\/2025\\\/04\\\/grupovilanova_empresas-min-1.jpg\",\"datePublished\":\"2025-04-22T11:56:15+00:00\",\"dateModified\":\"2025-05-07T10:05:31+00:00\",\"description\":\"Con un equipo de m\u00e1s de 40 profesionales y m\u00e1s de cuatro d\u00e9cadas de experiencia, garantizamos un servicio adaptado a las necesidades de empresas.\",\"breadcrumb\":{\"@id\":\"https:\\\/\\\/coachingalicante.com\\\/en\\\/producto\\\/coaching-mercantil-fiscal-y-financiero-para-empresas\\\/#breadcrumb\"},\"inLanguage\":\"en-US\",\"potentialAction\":[{\"@type\":\"ReadAction\",\"target\":[\"https:\\\/\\\/coachingalicante.com\\\/en\\\/producto\\\/coaching-mercantil-fiscal-y-financiero-para-empresas\\\/\"]}]},{\"@type\":\"ImageObject\",\"inLanguage\":\"en-US\",\"@id\":\"https:\\\/\\\/coachingalicante.com\\\/en\\\/producto\\\/coaching-mercantil-fiscal-y-financiero-para-empresas\\\/#primaryimage\",\"url\":\"https:\\\/\\\/coachingalicante.com\\\/wp-content\\\/uploads\\\/2025\\\/04\\\/grupovilanova_empresas-min-1.jpg\",\"contentUrl\":\"https:\\\/\\\/coachingalicante.com\\\/wp-content\\\/uploads\\\/2025\\\/04\\\/grupovilanova_empresas-min-1.jpg\",\"width\":1920,\"height\":700},{\"@type\":\"BreadcrumbList\",\"@id\":\"https:\\\/\\\/coachingalicante.com\\\/en\\\/producto\\\/coaching-mercantil-fiscal-y-financiero-para-empresas\\\/#breadcrumb\",\"itemListElement\":[{\"@type\":\"ListItem\",\"position\":1,\"name\":\"Portada\",\"item\":\"https:\\\/\\\/coachingalicante.com\\\/en\\\/\"},{\"@type\":\"ListItem\",\"position\":2,\"name\":\"Shop\",\"item\":\"https:\\\/\\\/coachingalicante.com\\\/en\\\/shop\\\/\"},{\"@type\":\"ListItem\",\"position\":3,\"name\":\"Coaching Mercantil, Fiscal y Financiero para Empresas\"}]},{\"@type\":\"WebSite\",\"@id\":\"https:\\\/\\\/coachingalicante.com\\\/en\\\/#website\",\"url\":\"https:\\\/\\\/coachingalicante.com\\\/en\\\/\",\"name\":\"Coaching Alicante\",\"description\":\"\",\"publisher\":{\"@id\":\"https:\\\/\\\/coachingalicante.com\\\/en\\\/#organization\"},\"potentialAction\":[{\"@type\":\"SearchAction\",\"target\":{\"@type\":\"EntryPoint\",\"urlTemplate\":\"https:\\\/\\\/coachingalicante.com\\\/en\\\/?s={search_term_string}\"},\"query-input\":{\"@type\":\"PropertyValueSpecification\",\"valueRequired\":true,\"valueName\":\"search_term_string\"}}],\"inLanguage\":\"en-US\"},{\"@type\":\"Organization\",\"@id\":\"https:\\\/\\\/coachingalicante.com\\\/en\\\/#organization\",\"name\":\"Coaching Alicante\",\"url\":\"https:\\\/\\\/coachingalicante.com\\\/en\\\/\",\"logo\":{\"@type\":\"ImageObject\",\"inLanguage\":\"en-US\",\"@id\":\"https:\\\/\\\/coachingalicante.com\\\/en\\\/#\\\/schema\\\/logo\\\/image\\\/\",\"url\":\"https:\\\/\\\/coachingalicante.com\\\/wp-content\\\/uploads\\\/2025\\\/04\\\/grupovilanova_logo-1.svg\",\"contentUrl\":\"https:\\\/\\\/coachingalicante.com\\\/wp-content\\\/uploads\\\/2025\\\/04\\\/grupovilanova_logo-1.svg\",\"width\":291,\"height\":22,\"caption\":\"Coaching Alicante\"},\"image\":{\"@id\":\"https:\\\/\\\/coachingalicante.com\\\/en\\\/#\\\/schema\\\/logo\\\/image\\\/\"}}]}<\/script>\n<!-- \/ Yoast SEO plugin. -->","yoast_head_json":{"title":"Coaching Mercantil, Fiscal y Financiero para Empresas - Coaching Alicante","description":"Con un equipo de m\u00e1s de 40 profesionales y m\u00e1s de cuatro d\u00e9cadas de experiencia, garantizamos un servicio adaptado a las necesidades de empresas.","robots":{"index":"index","follow":"follow","max-snippet":"max-snippet:-1","max-image-preview":"max-image-preview:large","max-video-preview":"max-video-preview:-1"},"canonical":"https:\/\/coachingalicante.com\/en\/producto\/coaching-mercantil-fiscal-y-financiero-para-empresas\/","og_locale":"en_US","og_type":"article","og_title":"Coaching Mercantil, Fiscal y Financiero para Empresas - Coaching Alicante","og_description":"Con un equipo de m\u00e1s de 40 profesionales y m\u00e1s de cuatro d\u00e9cadas de experiencia, garantizamos un servicio adaptado a las necesidades de empresas.","og_url":"https:\/\/coachingalicante.com\/en\/producto\/coaching-mercantil-fiscal-y-financiero-para-empresas\/","og_site_name":"Coaching Alicante","article_modified_time":"2025-05-07T10:05:31+00:00","og_image":[{"width":1920,"height":700,"url":"https:\/\/coachingalicante.com\/wp-content\/uploads\/2025\/04\/grupovilanova_empresas-min-1.jpg","type":"image\/jpeg"}],"twitter_card":"summary_large_image","twitter_misc":{"Est. reading time":"1 minute"},"schema":{"@context":"https:\/\/schema.org","@graph":[{"@type":"WebPage","@id":"https:\/\/coachingalicante.com\/en\/producto\/coaching-mercantil-fiscal-y-financiero-para-empresas\/","url":"https:\/\/coachingalicante.com\/en\/producto\/coaching-mercantil-fiscal-y-financiero-para-empresas\/","name":"Coaching Mercantil, Fiscal y Financiero para Empresas - Coaching Alicante","isPartOf":{"@id":"https:\/\/coachingalicante.com\/en\/#website"},"primaryImageOfPage":{"@id":"https:\/\/coachingalicante.com\/en\/producto\/coaching-mercantil-fiscal-y-financiero-para-empresas\/#primaryimage"},"image":{"@id":"https:\/\/coachingalicante.com\/en\/producto\/coaching-mercantil-fiscal-y-financiero-para-empresas\/#primaryimage"},"thumbnailUrl":"https:\/\/coachingalicante.com\/wp-content\/uploads\/2025\/04\/grupovilanova_empresas-min-1.jpg","datePublished":"2025-04-22T11:56:15+00:00","dateModified":"2025-05-07T10:05:31+00:00","description":"Con un equipo de m\u00e1s de 40 profesionales y m\u00e1s de cuatro d\u00e9cadas de experiencia, garantizamos un servicio adaptado a las necesidades de empresas.","breadcrumb":{"@id":"https:\/\/coachingalicante.com\/en\/producto\/coaching-mercantil-fiscal-y-financiero-para-empresas\/#breadcrumb"},"inLanguage":"en-US","potentialAction":[{"@type":"ReadAction","target":["https:\/\/coachingalicante.com\/en\/producto\/coaching-mercantil-fiscal-y-financiero-para-empresas\/"]}]},{"@type":"ImageObject","inLanguage":"en-US","@id":"https:\/\/coachingalicante.com\/en\/producto\/coaching-mercantil-fiscal-y-financiero-para-empresas\/#primaryimage","url":"https:\/\/coachingalicante.com\/wp-content\/uploads\/2025\/04\/grupovilanova_empresas-min-1.jpg","contentUrl":"https:\/\/coachingalicante.com\/wp-content\/uploads\/2025\/04\/grupovilanova_empresas-min-1.jpg","width":1920,"height":700},{"@type":"BreadcrumbList","@id":"https:\/\/coachingalicante.com\/en\/producto\/coaching-mercantil-fiscal-y-financiero-para-empresas\/#breadcrumb","itemListElement":[{"@type":"ListItem","position":1,"name":"Portada","item":"https:\/\/coachingalicante.com\/en\/"},{"@type":"ListItem","position":2,"name":"Shop","item":"https:\/\/coachingalicante.com\/en\/shop\/"},{"@type":"ListItem","position":3,"name":"Coaching Mercantil, Fiscal y Financiero para Empresas"}]},{"@type":"WebSite","@id":"https:\/\/coachingalicante.com\/en\/#website","url":"https:\/\/coachingalicante.com\/en\/","name":"Coaching Alicante","description":"","publisher":{"@id":"https:\/\/coachingalicante.com\/en\/#organization"},"potentialAction":[{"@type":"SearchAction","target":{"@type":"EntryPoint","urlTemplate":"https:\/\/coachingalicante.com\/en\/?s={search_term_string}"},"query-input":{"@type":"PropertyValueSpecification","valueRequired":true,"valueName":"search_term_string"}}],"inLanguage":"en-US"},{"@type":"Organization","@id":"https:\/\/coachingalicante.com\/en\/#organization","name":"Coaching Alicante","url":"https:\/\/coachingalicante.com\/en\/","logo":{"@type":"ImageObject","inLanguage":"en-US","@id":"https:\/\/coachingalicante.com\/en\/#\/schema\/logo\/image\/","url":"https:\/\/coachingalicante.com\/wp-content\/uploads\/2025\/04\/grupovilanova_logo-1.svg","contentUrl":"https:\/\/coachingalicante.com\/wp-content\/uploads\/2025\/04\/grupovilanova_logo-1.svg","width":291,"height":22,"caption":"Coaching Alicante"},"image":{"@id":"https:\/\/coachingalicante.com\/en\/#\/schema\/logo\/image\/"}}]}},"_links":{"self":[{"href":"https:\/\/coachingalicante.com\/en\/wp-json\/wp\/v2\/product\/99","targetHints":{"allow":["GET"]}}],"collection":[{"href":"https:\/\/coachingalicante.com\/en\/wp-json\/wp\/v2\/product"}],"about":[{"href":"https:\/\/coachingalicante.com\/en\/wp-json\/wp\/v2\/types\/product"}],"wp:featuredmedia":[{"embeddable":true,"href":"https:\/\/coachingalicante.com\/en\/wp-json\/wp\/v2\/media\/135"}],"wp:attachment":[{"href":"https:\/\/coachingalicante.com\/en\/wp-json\/wp\/v2\/media?parent=99"}],"wp:term":[{"taxonomy":"product_brand","embeddable":true,"href":"https:\/\/coachingalicante.com\/en\/wp-json\/wp\/v2\/product_brand?post=99"},{"taxonomy":"product_cat","embeddable":true,"href":"https:\/\/coachingalicante.com\/en\/wp-json\/wp\/v2\/product_cat?post=99"},{"taxonomy":"product_tag","embeddable":true,"href":"https:\/\/coachingalicante.com\/en\/wp-json\/wp\/v2\/product_tag?post=99"}],"curies":[{"name":"wp","href":"https:\/\/api.w.org\/{rel}","templated":true}]}}