{"id":100,"date":"2025-04-22T11:57:48","date_gmt":"2025-04-22T11:57:48","guid":{"rendered":"https:\/\/coachingalicante.com\/?post_type=product&#038;p=100"},"modified":"2025-05-07T10:04:30","modified_gmt":"2025-05-07T10:04:30","slug":"coaching-fiscal-mercantil-y-financiero-para-autonomos","status":"publish","type":"product","link":"https:\/\/coachingalicante.com\/en\/producto\/coaching-fiscal-mercantil-y-financiero-para-autonomos\/","title":{"rendered":"Coaching Fiscal, Mercantil y Financiero para Aut\u00f3nomos"},"content":{"rendered":"<p>Poner en marcha un proyecto es apasionante, pero tambi\u00e9n supone enfrentarse a decisiones complejas desde el primer d\u00eda: elegir la forma jur\u00eddica, planificar la fiscalidad, entender los costes, acceder a financiaci\u00f3n\u2026 En Grupo Vilanova te ayudamos a dar los pasos correctos desde el principio.<\/p>\n<p>Hemos creado un servicio de coaching fiscal, mercantil y financiero pensado especialmente para emprendedores como t\u00fa, que quieren arrancar su actividad con una base s\u00f3lida y bien asesorada.<\/p>\n","protected":false},"excerpt":{"rendered":"<p>Desde hace m\u00e1s de 40 a\u00f1os, en Grupo Vilanova ayudamos a empresas, aut\u00f3nomos y emprendedores a tomar decisiones clave para su futuro. Ahora ponemos esa experiencia al servicio de quienes est\u00e1n empezando.<\/p>\n","protected":false},"featured_media":114,"template":"","meta":[],"product_brand":[],"product_cat":[21],"product_tag":[],"class_list":{"0":"post-100","1":"product","2":"type-product","3":"status-publish","4":"has-post-thumbnail","6":"product_cat-sin-categorizar","8":"first","9":"instock","10":"virtual","11":"sold-individually","12":"purchasable","13":"product-type-simple"},"yoast_head":"<!-- This site is optimized with the Yoast SEO plugin v27.3 - https:\/\/yoast.com\/product\/yoast-seo-wordpress\/ -->\n<title>Coaching Fiscal, Mercantil y Financiero para Aut\u00f3nomos - Coaching Alicante<\/title>\n<meta name=\"description\" content=\"Hemos creado un servicio de coaching fiscal, mercantil y financiero pensado especialmente para emprendedores como t\u00fa, que quieren arrancar su actividad.\" \/>\n<meta name=\"robots\" content=\"index, follow, max-snippet:-1, max-image-preview:large, max-video-preview:-1\" \/>\n<link rel=\"canonical\" href=\"https:\/\/coachingalicante.com\/en\/producto\/coaching-fiscal-mercantil-y-financiero-para-autonomos\/\" \/>\n<meta property=\"og:locale\" content=\"en_US\" \/>\n<meta property=\"og:type\" content=\"article\" \/>\n<meta property=\"og:title\" content=\"Coaching Fiscal, Mercantil y Financiero para Aut\u00f3nomos - Coaching Alicante\" \/>\n<meta property=\"og:description\" content=\"Hemos creado un servicio de coaching fiscal, mercantil y financiero pensado especialmente para emprendedores como t\u00fa, que quieren arrancar su actividad.\" \/>\n<meta property=\"og:url\" content=\"https:\/\/coachingalicante.com\/en\/producto\/coaching-fiscal-mercantil-y-financiero-para-autonomos\/\" \/>\n<meta property=\"og:site_name\" content=\"Coaching Alicante\" \/>\n<meta property=\"article:modified_time\" content=\"2025-05-07T10:04:30+00:00\" \/>\n<meta property=\"og:image\" content=\"https:\/\/coachingalicante.com\/wp-content\/uploads\/2025\/04\/grupovilanova_autonomos_cabecera-min.jpg\" \/>\n\t<meta property=\"og:image:width\" content=\"1920\" \/>\n\t<meta property=\"og:image:height\" content=\"700\" \/>\n\t<meta property=\"og:image:type\" content=\"image\/jpeg\" \/>\n<meta name=\"twitter:card\" content=\"summary_large_image\" \/>\n<meta name=\"twitter:label1\" content=\"Est. reading time\" \/>\n\t<meta name=\"twitter:data1\" content=\"1 minute\" \/>\n<script type=\"application\/ld+json\" class=\"yoast-schema-graph\">{\"@context\":\"https:\\\/\\\/schema.org\",\"@graph\":[{\"@type\":\"WebPage\",\"@id\":\"https:\\\/\\\/coachingalicante.com\\\/en\\\/producto\\\/coaching-fiscal-mercantil-y-financiero-para-autonomos\\\/\",\"url\":\"https:\\\/\\\/coachingalicante.com\\\/en\\\/producto\\\/coaching-fiscal-mercantil-y-financiero-para-autonomos\\\/\",\"name\":\"Coaching Fiscal, Mercantil y Financiero para Aut\u00f3nomos - Coaching Alicante\",\"isPartOf\":{\"@id\":\"https:\\\/\\\/coachingalicante.com\\\/en\\\/#website\"},\"primaryImageOfPage\":{\"@id\":\"https:\\\/\\\/coachingalicante.com\\\/en\\\/producto\\\/coaching-fiscal-mercantil-y-financiero-para-autonomos\\\/#primaryimage\"},\"image\":{\"@id\":\"https:\\\/\\\/coachingalicante.com\\\/en\\\/producto\\\/coaching-fiscal-mercantil-y-financiero-para-autonomos\\\/#primaryimage\"},\"thumbnailUrl\":\"https:\\\/\\\/coachingalicante.com\\\/wp-content\\\/uploads\\\/2025\\\/04\\\/grupovilanova_autonomos_cabecera-min.jpg\",\"datePublished\":\"2025-04-22T11:57:48+00:00\",\"dateModified\":\"2025-05-07T10:04:30+00:00\",\"description\":\"Hemos creado un servicio de coaching fiscal, mercantil y financiero pensado especialmente para emprendedores como t\u00fa, que quieren arrancar su actividad.\",\"breadcrumb\":{\"@id\":\"https:\\\/\\\/coachingalicante.com\\\/en\\\/producto\\\/coaching-fiscal-mercantil-y-financiero-para-autonomos\\\/#breadcrumb\"},\"inLanguage\":\"en-US\",\"potentialAction\":[{\"@type\":\"ReadAction\",\"target\":[\"https:\\\/\\\/coachingalicante.com\\\/en\\\/producto\\\/coaching-fiscal-mercantil-y-financiero-para-autonomos\\\/\"]}]},{\"@type\":\"ImageObject\",\"inLanguage\":\"en-US\",\"@id\":\"https:\\\/\\\/coachingalicante.com\\\/en\\\/producto\\\/coaching-fiscal-mercantil-y-financiero-para-autonomos\\\/#primaryimage\",\"url\":\"https:\\\/\\\/coachingalicante.com\\\/wp-content\\\/uploads\\\/2025\\\/04\\\/grupovilanova_autonomos_cabecera-min.jpg\",\"contentUrl\":\"https:\\\/\\\/coachingalicante.com\\\/wp-content\\\/uploads\\\/2025\\\/04\\\/grupovilanova_autonomos_cabecera-min.jpg\",\"width\":1920,\"height\":700},{\"@type\":\"BreadcrumbList\",\"@id\":\"https:\\\/\\\/coachingalicante.com\\\/en\\\/producto\\\/coaching-fiscal-mercantil-y-financiero-para-autonomos\\\/#breadcrumb\",\"itemListElement\":[{\"@type\":\"ListItem\",\"position\":1,\"name\":\"Portada\",\"item\":\"https:\\\/\\\/coachingalicante.com\\\/en\\\/\"},{\"@type\":\"ListItem\",\"position\":2,\"name\":\"Shop\",\"item\":\"https:\\\/\\\/coachingalicante.com\\\/en\\\/shop\\\/\"},{\"@type\":\"ListItem\",\"position\":3,\"name\":\"Coaching Fiscal, Mercantil y Financiero para Aut\u00f3nomos\"}]},{\"@type\":\"WebSite\",\"@id\":\"https:\\\/\\\/coachingalicante.com\\\/en\\\/#website\",\"url\":\"https:\\\/\\\/coachingalicante.com\\\/en\\\/\",\"name\":\"Coaching Alicante\",\"description\":\"\",\"publisher\":{\"@id\":\"https:\\\/\\\/coachingalicante.com\\\/en\\\/#organization\"},\"potentialAction\":[{\"@type\":\"SearchAction\",\"target\":{\"@type\":\"EntryPoint\",\"urlTemplate\":\"https:\\\/\\\/coachingalicante.com\\\/en\\\/?s={search_term_string}\"},\"query-input\":{\"@type\":\"PropertyValueSpecification\",\"valueRequired\":true,\"valueName\":\"search_term_string\"}}],\"inLanguage\":\"en-US\"},{\"@type\":\"Organization\",\"@id\":\"https:\\\/\\\/coachingalicante.com\\\/en\\\/#organization\",\"name\":\"Coaching Alicante\",\"url\":\"https:\\\/\\\/coachingalicante.com\\\/en\\\/\",\"logo\":{\"@type\":\"ImageObject\",\"inLanguage\":\"en-US\",\"@id\":\"https:\\\/\\\/coachingalicante.com\\\/en\\\/#\\\/schema\\\/logo\\\/image\\\/\",\"url\":\"https:\\\/\\\/coachingalicante.com\\\/wp-content\\\/uploads\\\/2025\\\/04\\\/grupovilanova_logo-1.svg\",\"contentUrl\":\"https:\\\/\\\/coachingalicante.com\\\/wp-content\\\/uploads\\\/2025\\\/04\\\/grupovilanova_logo-1.svg\",\"width\":291,\"height\":22,\"caption\":\"Coaching Alicante\"},\"image\":{\"@id\":\"https:\\\/\\\/coachingalicante.com\\\/en\\\/#\\\/schema\\\/logo\\\/image\\\/\"}}]}<\/script>\n<!-- \/ Yoast SEO plugin. -->","yoast_head_json":{"title":"Coaching Fiscal, Mercantil y Financiero para Aut\u00f3nomos - Coaching Alicante","description":"Hemos creado un servicio de coaching fiscal, mercantil y financiero pensado especialmente para emprendedores como t\u00fa, que quieren arrancar su actividad.","robots":{"index":"index","follow":"follow","max-snippet":"max-snippet:-1","max-image-preview":"max-image-preview:large","max-video-preview":"max-video-preview:-1"},"canonical":"https:\/\/coachingalicante.com\/en\/producto\/coaching-fiscal-mercantil-y-financiero-para-autonomos\/","og_locale":"en_US","og_type":"article","og_title":"Coaching Fiscal, Mercantil y Financiero para Aut\u00f3nomos - Coaching Alicante","og_description":"Hemos creado un servicio de coaching fiscal, mercantil y financiero pensado especialmente para emprendedores como t\u00fa, que quieren arrancar su actividad.","og_url":"https:\/\/coachingalicante.com\/en\/producto\/coaching-fiscal-mercantil-y-financiero-para-autonomos\/","og_site_name":"Coaching Alicante","article_modified_time":"2025-05-07T10:04:30+00:00","og_image":[{"width":1920,"height":700,"url":"https:\/\/coachingalicante.com\/wp-content\/uploads\/2025\/04\/grupovilanova_autonomos_cabecera-min.jpg","type":"image\/jpeg"}],"twitter_card":"summary_large_image","twitter_misc":{"Est. reading time":"1 minute"},"schema":{"@context":"https:\/\/schema.org","@graph":[{"@type":"WebPage","@id":"https:\/\/coachingalicante.com\/en\/producto\/coaching-fiscal-mercantil-y-financiero-para-autonomos\/","url":"https:\/\/coachingalicante.com\/en\/producto\/coaching-fiscal-mercantil-y-financiero-para-autonomos\/","name":"Coaching Fiscal, Mercantil y Financiero para Aut\u00f3nomos - Coaching Alicante","isPartOf":{"@id":"https:\/\/coachingalicante.com\/en\/#website"},"primaryImageOfPage":{"@id":"https:\/\/coachingalicante.com\/en\/producto\/coaching-fiscal-mercantil-y-financiero-para-autonomos\/#primaryimage"},"image":{"@id":"https:\/\/coachingalicante.com\/en\/producto\/coaching-fiscal-mercantil-y-financiero-para-autonomos\/#primaryimage"},"thumbnailUrl":"https:\/\/coachingalicante.com\/wp-content\/uploads\/2025\/04\/grupovilanova_autonomos_cabecera-min.jpg","datePublished":"2025-04-22T11:57:48+00:00","dateModified":"2025-05-07T10:04:30+00:00","description":"Hemos creado un servicio de coaching fiscal, mercantil y financiero pensado especialmente para emprendedores como t\u00fa, que quieren arrancar su actividad.","breadcrumb":{"@id":"https:\/\/coachingalicante.com\/en\/producto\/coaching-fiscal-mercantil-y-financiero-para-autonomos\/#breadcrumb"},"inLanguage":"en-US","potentialAction":[{"@type":"ReadAction","target":["https:\/\/coachingalicante.com\/en\/producto\/coaching-fiscal-mercantil-y-financiero-para-autonomos\/"]}]},{"@type":"ImageObject","inLanguage":"en-US","@id":"https:\/\/coachingalicante.com\/en\/producto\/coaching-fiscal-mercantil-y-financiero-para-autonomos\/#primaryimage","url":"https:\/\/coachingalicante.com\/wp-content\/uploads\/2025\/04\/grupovilanova_autonomos_cabecera-min.jpg","contentUrl":"https:\/\/coachingalicante.com\/wp-content\/uploads\/2025\/04\/grupovilanova_autonomos_cabecera-min.jpg","width":1920,"height":700},{"@type":"BreadcrumbList","@id":"https:\/\/coachingalicante.com\/en\/producto\/coaching-fiscal-mercantil-y-financiero-para-autonomos\/#breadcrumb","itemListElement":[{"@type":"ListItem","position":1,"name":"Portada","item":"https:\/\/coachingalicante.com\/en\/"},{"@type":"ListItem","position":2,"name":"Shop","item":"https:\/\/coachingalicante.com\/en\/shop\/"},{"@type":"ListItem","position":3,"name":"Coaching Fiscal, Mercantil y Financiero para Aut\u00f3nomos"}]},{"@type":"WebSite","@id":"https:\/\/coachingalicante.com\/en\/#website","url":"https:\/\/coachingalicante.com\/en\/","name":"Coaching Alicante","description":"","publisher":{"@id":"https:\/\/coachingalicante.com\/en\/#organization"},"potentialAction":[{"@type":"SearchAction","target":{"@type":"EntryPoint","urlTemplate":"https:\/\/coachingalicante.com\/en\/?s={search_term_string}"},"query-input":{"@type":"PropertyValueSpecification","valueRequired":true,"valueName":"search_term_string"}}],"inLanguage":"en-US"},{"@type":"Organization","@id":"https:\/\/coachingalicante.com\/en\/#organization","name":"Coaching Alicante","url":"https:\/\/coachingalicante.com\/en\/","logo":{"@type":"ImageObject","inLanguage":"en-US","@id":"https:\/\/coachingalicante.com\/en\/#\/schema\/logo\/image\/","url":"https:\/\/coachingalicante.com\/wp-content\/uploads\/2025\/04\/grupovilanova_logo-1.svg","contentUrl":"https:\/\/coachingalicante.com\/wp-content\/uploads\/2025\/04\/grupovilanova_logo-1.svg","width":291,"height":22,"caption":"Coaching Alicante"},"image":{"@id":"https:\/\/coachingalicante.com\/en\/#\/schema\/logo\/image\/"}}]}},"_links":{"self":[{"href":"https:\/\/coachingalicante.com\/en\/wp-json\/wp\/v2\/product\/100","targetHints":{"allow":["GET"]}}],"collection":[{"href":"https:\/\/coachingalicante.com\/en\/wp-json\/wp\/v2\/product"}],"about":[{"href":"https:\/\/coachingalicante.com\/en\/wp-json\/wp\/v2\/types\/product"}],"wp:featuredmedia":[{"embeddable":true,"href":"https:\/\/coachingalicante.com\/en\/wp-json\/wp\/v2\/media\/114"}],"wp:attachment":[{"href":"https:\/\/coachingalicante.com\/en\/wp-json\/wp\/v2\/media?parent=100"}],"wp:term":[{"taxonomy":"product_brand","embeddable":true,"href":"https:\/\/coachingalicante.com\/en\/wp-json\/wp\/v2\/product_brand?post=100"},{"taxonomy":"product_cat","embeddable":true,"href":"https:\/\/coachingalicante.com\/en\/wp-json\/wp\/v2\/product_cat?post=100"},{"taxonomy":"product_tag","embeddable":true,"href":"https:\/\/coachingalicante.com\/en\/wp-json\/wp\/v2\/product_tag?post=100"}],"curies":[{"name":"wp","href":"https:\/\/api.w.org\/{rel}","templated":true}]}}