{"id":301,"date":"2025-04-22T11:55:28","date_gmt":"2025-04-22T11:55:28","guid":{"rendered":"https:\/\/coachingalicante.com\/my-account\/"},"modified":"2025-05-07T10:16:20","modified_gmt":"2025-05-07T10:16:20","slug":"my-account","status":"publish","type":"page","link":"https:\/\/coachingalicante.com\/en\/my-account\/","title":{"rendered":"My Account"},"content":{"rendered":"\t\t<div data-elementor-type=\"wp-page\" data-elementor-id=\"301\" class=\"elementor elementor-301 elementor-97\" data-elementor-post-type=\"page\">\n\t\t\t\t<div class=\"elementor-element elementor-element-812fa02 e-con-full e-flex e-con e-parent\" data-id=\"812fa02\" data-element_type=\"container\" data-e-type=\"container\" data-settings=\"{&quot;jet_parallax_layout_list&quot;:[]}\">\n\t\t\t\t<div class=\"elementor-element elementor-element-d48f163 elementor-widget elementor-widget-heading\" data-id=\"d48f163\" data-element_type=\"widget\" data-e-type=\"widget\" data-widget_type=\"heading.default\">\n\t\t\t\t<div class=\"elementor-widget-container\">\n\t\t\t\t\t<h1 class=\"elementor-heading-title elementor-size-default\">Mi Cuenta<\/h1>\t\t\t\t<\/div>\n\t\t\t\t<\/div>\n\t\t\t\t<\/div>\n\t\t<div class=\"elementor-element elementor-element-593fb65 e-con-full e-flex e-con e-parent\" data-id=\"593fb65\" data-element_type=\"container\" data-e-type=\"container\" data-settings=\"{&quot;jet_parallax_layout_list&quot;:[]}\">\n\t\t\t\t<div class=\"elementor-element elementor-element-dbb7e15 e-my-account-tabs-vertical elementor-widget elementor-widget-woocommerce-my-account\" data-id=\"dbb7e15\" data-element_type=\"widget\" data-e-type=\"widget\" data-widget_type=\"woocommerce-my-account.default\">\n\t\t\t\t<div class=\"elementor-widget-container\">\n\t\t\t\t\t<div class=\"e-my-account-tab e-my-account-tab__ \">\t\t\t<div class=\"woocommerce\"><\/div>\t\t<\/div>\n\t\t\t\t\t\t<\/div>\n\t\t\t\t<\/div>\n\t\t\t\t<\/div>\n\t\t\t\t<\/div>\n\t\t","protected":false},"excerpt":{"rendered":"<p>Mi Cuenta Escritorio Pedidos Descargas Direcciones Detalles de la cuenta Cerrar sesi\u00f3n Hola admin (\u00bfno eres admin? Cerrar sesi\u00f3n) Desde el escritorio de tu cuenta puedes ver tus pedidos recientes, gestionar tus direcciones de env\u00edo y facturaci\u00f3n y editar tu contrase\u00f1a y los detalles de tu cuenta.<\/p>\n","protected":false},"author":1,"featured_media":0,"parent":0,"menu_order":0,"comment_status":"closed","ping_status":"closed","template":"","meta":{"footnotes":""},"class_list":["post-301","page","type-page","status-publish","hentry"],"yoast_head":"<!-- This site is optimized with the Yoast SEO plugin v27.3 - https:\/\/yoast.com\/product\/yoast-seo-wordpress\/ -->\n<title>My Account - Coaching Alicante<\/title>\n<meta name=\"robots\" content=\"noindex, nofollow\" \/>\n<meta property=\"og:locale\" content=\"en_US\" \/>\n<meta property=\"og:type\" content=\"article\" \/>\n<meta property=\"og:title\" content=\"My Account - Coaching Alicante\" \/>\n<meta property=\"og:description\" content=\"Mi Cuenta Escritorio Pedidos Descargas Direcciones Detalles de la cuenta Cerrar sesi\u00f3n Hola admin (\u00bfno eres admin? Cerrar sesi\u00f3n) Desde el escritorio de tu cuenta puedes ver tus pedidos recientes, gestionar tus direcciones de env\u00edo y facturaci\u00f3n y editar tu contrase\u00f1a y los detalles de tu cuenta.\" \/>\n<meta property=\"og:url\" content=\"https:\/\/coachingalicante.com\/en\/my-account\/\" \/>\n<meta property=\"og:site_name\" content=\"Coaching Alicante\" \/>\n<meta property=\"article:modified_time\" content=\"2025-05-07T10:16:20+00:00\" \/>\n<meta name=\"twitter:card\" content=\"summary_large_image\" \/>\n<script type=\"application\/ld+json\" class=\"yoast-schema-graph\">{\"@context\":\"https:\\\/\\\/schema.org\",\"@graph\":[{\"@type\":\"WebPage\",\"@id\":\"https:\\\/\\\/coachingalicante.com\\\/en\\\/my-account\\\/\",\"url\":\"https:\\\/\\\/coachingalicante.com\\\/en\\\/my-account\\\/\",\"name\":\"My Account - Coaching Alicante\",\"isPartOf\":{\"@id\":\"https:\\\/\\\/coachingalicante.com\\\/en\\\/#website\"},\"datePublished\":\"2025-04-22T11:55:28+00:00\",\"dateModified\":\"2025-05-07T10:16:20+00:00\",\"breadcrumb\":{\"@id\":\"https:\\\/\\\/coachingalicante.com\\\/en\\\/my-account\\\/#breadcrumb\"},\"inLanguage\":\"en-US\",\"potentialAction\":[{\"@type\":\"ReadAction\",\"target\":[\"https:\\\/\\\/coachingalicante.com\\\/en\\\/my-account\\\/\"]}]},{\"@type\":\"BreadcrumbList\",\"@id\":\"https:\\\/\\\/coachingalicante.com\\\/en\\\/my-account\\\/#breadcrumb\",\"itemListElement\":[{\"@type\":\"ListItem\",\"position\":1,\"name\":\"Portada\",\"item\":\"https:\\\/\\\/coachingalicante.com\\\/en\\\/\"},{\"@type\":\"ListItem\",\"position\":2,\"name\":\"My Account\"}]},{\"@type\":\"WebSite\",\"@id\":\"https:\\\/\\\/coachingalicante.com\\\/en\\\/#website\",\"url\":\"https:\\\/\\\/coachingalicante.com\\\/en\\\/\",\"name\":\"Coaching Alicante\",\"description\":\"\",\"publisher\":{\"@id\":\"https:\\\/\\\/coachingalicante.com\\\/en\\\/#organization\"},\"potentialAction\":[{\"@type\":\"SearchAction\",\"target\":{\"@type\":\"EntryPoint\",\"urlTemplate\":\"https:\\\/\\\/coachingalicante.com\\\/en\\\/?s={search_term_string}\"},\"query-input\":{\"@type\":\"PropertyValueSpecification\",\"valueRequired\":true,\"valueName\":\"search_term_string\"}}],\"inLanguage\":\"en-US\"},{\"@type\":\"Organization\",\"@id\":\"https:\\\/\\\/coachingalicante.com\\\/en\\\/#organization\",\"name\":\"Coaching Alicante\",\"url\":\"https:\\\/\\\/coachingalicante.com\\\/en\\\/\",\"logo\":{\"@type\":\"ImageObject\",\"inLanguage\":\"en-US\",\"@id\":\"https:\\\/\\\/coachingalicante.com\\\/en\\\/#\\\/schema\\\/logo\\\/image\\\/\",\"url\":\"https:\\\/\\\/coachingalicante.com\\\/wp-content\\\/uploads\\\/2025\\\/04\\\/grupovilanova_logo-1.svg\",\"contentUrl\":\"https:\\\/\\\/coachingalicante.com\\\/wp-content\\\/uploads\\\/2025\\\/04\\\/grupovilanova_logo-1.svg\",\"width\":291,\"height\":22,\"caption\":\"Coaching Alicante\"},\"image\":{\"@id\":\"https:\\\/\\\/coachingalicante.com\\\/en\\\/#\\\/schema\\\/logo\\\/image\\\/\"}}]}<\/script>\n<!-- \/ Yoast SEO plugin. -->","yoast_head_json":{"title":"My Account - Coaching Alicante","robots":{"index":"noindex","follow":"nofollow"},"og_locale":"en_US","og_type":"article","og_title":"My Account - Coaching Alicante","og_description":"Mi Cuenta Escritorio Pedidos Descargas Direcciones Detalles de la cuenta Cerrar sesi\u00f3n Hola admin (\u00bfno eres admin? Cerrar sesi\u00f3n) Desde el escritorio de tu cuenta puedes ver tus pedidos recientes, gestionar tus direcciones de env\u00edo y facturaci\u00f3n y editar tu contrase\u00f1a y los detalles de tu cuenta.","og_url":"https:\/\/coachingalicante.com\/en\/my-account\/","og_site_name":"Coaching Alicante","article_modified_time":"2025-05-07T10:16:20+00:00","twitter_card":"summary_large_image","schema":{"@context":"https:\/\/schema.org","@graph":[{"@type":"WebPage","@id":"https:\/\/coachingalicante.com\/en\/my-account\/","url":"https:\/\/coachingalicante.com\/en\/my-account\/","name":"My Account - Coaching Alicante","isPartOf":{"@id":"https:\/\/coachingalicante.com\/en\/#website"},"datePublished":"2025-04-22T11:55:28+00:00","dateModified":"2025-05-07T10:16:20+00:00","breadcrumb":{"@id":"https:\/\/coachingalicante.com\/en\/my-account\/#breadcrumb"},"inLanguage":"en-US","potentialAction":[{"@type":"ReadAction","target":["https:\/\/coachingalicante.com\/en\/my-account\/"]}]},{"@type":"BreadcrumbList","@id":"https:\/\/coachingalicante.com\/en\/my-account\/#breadcrumb","itemListElement":[{"@type":"ListItem","position":1,"name":"Portada","item":"https:\/\/coachingalicante.com\/en\/"},{"@type":"ListItem","position":2,"name":"My Account"}]},{"@type":"WebSite","@id":"https:\/\/coachingalicante.com\/en\/#website","url":"https:\/\/coachingalicante.com\/en\/","name":"Coaching Alicante","description":"","publisher":{"@id":"https:\/\/coachingalicante.com\/en\/#organization"},"potentialAction":[{"@type":"SearchAction","target":{"@type":"EntryPoint","urlTemplate":"https:\/\/coachingalicante.com\/en\/?s={search_term_string}"},"query-input":{"@type":"PropertyValueSpecification","valueRequired":true,"valueName":"search_term_string"}}],"inLanguage":"en-US"},{"@type":"Organization","@id":"https:\/\/coachingalicante.com\/en\/#organization","name":"Coaching Alicante","url":"https:\/\/coachingalicante.com\/en\/","logo":{"@type":"ImageObject","inLanguage":"en-US","@id":"https:\/\/coachingalicante.com\/en\/#\/schema\/logo\/image\/","url":"https:\/\/coachingalicante.com\/wp-content\/uploads\/2025\/04\/grupovilanova_logo-1.svg","contentUrl":"https:\/\/coachingalicante.com\/wp-content\/uploads\/2025\/04\/grupovilanova_logo-1.svg","width":291,"height":22,"caption":"Coaching Alicante"},"image":{"@id":"https:\/\/coachingalicante.com\/en\/#\/schema\/logo\/image\/"}}]}},"_links":{"self":[{"href":"https:\/\/coachingalicante.com\/en\/wp-json\/wp\/v2\/pages\/301","targetHints":{"allow":["GET"]}}],"collection":[{"href":"https:\/\/coachingalicante.com\/en\/wp-json\/wp\/v2\/pages"}],"about":[{"href":"https:\/\/coachingalicante.com\/en\/wp-json\/wp\/v2\/types\/page"}],"author":[{"embeddable":true,"href":"https:\/\/coachingalicante.com\/en\/wp-json\/wp\/v2\/users\/1"}],"replies":[{"embeddable":true,"href":"https:\/\/coachingalicante.com\/en\/wp-json\/wp\/v2\/comments?post=301"}],"version-history":[{"count":0,"href":"https:\/\/coachingalicante.com\/en\/wp-json\/wp\/v2\/pages\/301\/revisions"}],"wp:attachment":[{"href":"https:\/\/coachingalicante.com\/en\/wp-json\/wp\/v2\/media?parent=301"}],"curies":[{"name":"wp","href":"https:\/\/api.w.org\/{rel}","templated":true}]}}