{"id":299,"date":"2025-04-22T11:55:28","date_gmt":"2025-04-22T11:55:28","guid":{"rendered":"https:\/\/coachingalicante.com\/cart\/"},"modified":"2025-05-07T10:16:20","modified_gmt":"2025-05-07T10:16:20","slug":"cart","status":"publish","type":"page","link":"https:\/\/coachingalicante.com\/en\/cart\/","title":{"rendered":"Cart"},"content":{"rendered":"\t\t<div data-elementor-type=\"wp-page\" data-elementor-id=\"299\" class=\"elementor elementor-299 elementor-95\" data-elementor-post-type=\"page\">\n\t\t\t\t<div class=\"elementor-element elementor-element-f72b277 e-con-full e-flex e-con e-parent\" data-id=\"f72b277\" data-element_type=\"container\" data-e-type=\"container\" data-settings=\"{&quot;jet_parallax_layout_list&quot;:[]}\">\n\t\t\t\t<div class=\"elementor-element elementor-element-f721dba elementor-widget elementor-widget-heading\" data-id=\"f721dba\" data-element_type=\"widget\" data-e-type=\"widget\" data-widget_type=\"heading.default\">\n\t\t\t\t<div class=\"elementor-widget-container\">\n\t\t\t\t\t<h1 class=\"elementor-heading-title elementor-size-default\">Carrito<\/h1>\t\t\t\t<\/div>\n\t\t\t\t<\/div>\n\t\t\t\t<\/div>\n\t\t<div class=\"elementor-element elementor-element-6963db4 e-con-full e-flex e-con e-parent\" data-id=\"6963db4\" data-element_type=\"container\" data-e-type=\"container\" data-settings=\"{&quot;jet_parallax_layout_list&quot;:[]}\">\n\t\t\t\t<\/div>\n\t\t\t\t<\/div>\n\t\t","protected":false},"excerpt":{"rendered":"<p>Carrito Eliminar art\u00edculo Imagen en miniatura Producto Precio Cantidad Subtotal &times; Coaching Fiscal, Mercantil y Financiero para Aut\u00f3nomos 250,00&nbsp;&euro; Coaching Fiscal, Mercantil y Financiero para Aut\u00f3nomos cantidad 250,00&nbsp;&euro; &times; Coaching Mercantil, Fiscal y Financiero para Empresas 250,00&nbsp;&euro; Coaching Mercantil, Fiscal y Financiero para Empresas cantidad 250,00&nbsp;&euro; Actualizar el carrito Aplicar el cup\u00f3n Totales del carrito [&hellip;]<\/p>\n","protected":false},"author":1,"featured_media":0,"parent":0,"menu_order":0,"comment_status":"closed","ping_status":"closed","template":"","meta":{"footnotes":""},"class_list":["post-299","page","type-page","status-publish","hentry"],"yoast_head":"<!-- This site is optimized with the Yoast SEO plugin v27.3 - https:\/\/yoast.com\/product\/yoast-seo-wordpress\/ -->\n<title>Cart - Coaching Alicante<\/title>\n<meta name=\"robots\" content=\"noindex, nofollow\" \/>\n<meta property=\"og:locale\" content=\"en_US\" \/>\n<meta property=\"og:type\" content=\"article\" \/>\n<meta property=\"og:title\" content=\"Cart - Coaching Alicante\" \/>\n<meta property=\"og:description\" content=\"Carrito Eliminar art\u00edculo Imagen en miniatura Producto Precio Cantidad Subtotal &times; Coaching Fiscal, Mercantil y Financiero para Aut\u00f3nomos 250,00&nbsp;&euro; Coaching Fiscal, Mercantil y Financiero para Aut\u00f3nomos cantidad 250,00&nbsp;&euro; &times; Coaching Mercantil, Fiscal y Financiero para Empresas 250,00&nbsp;&euro; Coaching Mercantil, Fiscal y Financiero para Empresas cantidad 250,00&nbsp;&euro; Actualizar el carrito Aplicar el cup\u00f3n Totales del carrito [&hellip;]\" \/>\n<meta property=\"og:url\" content=\"https:\/\/coachingalicante.com\/en\/cart\/\" \/>\n<meta property=\"og:site_name\" content=\"Coaching Alicante\" \/>\n<meta property=\"article:modified_time\" content=\"2025-05-07T10:16:20+00:00\" \/>\n<meta property=\"og:image\" content=\"https:\/\/coachingalicante.com\/wp-content\/uploads\/2025\/04\/grupovilanova_autonomos_cabecera-min-300x300.jpg\" \/>\n<meta name=\"twitter:card\" content=\"summary_large_image\" \/>\n<script type=\"application\/ld+json\" class=\"yoast-schema-graph\">{\"@context\":\"https:\\\/\\\/schema.org\",\"@graph\":[{\"@type\":\"WebPage\",\"@id\":\"https:\\\/\\\/coachingalicante.com\\\/en\\\/cart\\\/\",\"url\":\"https:\\\/\\\/coachingalicante.com\\\/en\\\/cart\\\/\",\"name\":\"Cart - Coaching Alicante\",\"isPartOf\":{\"@id\":\"https:\\\/\\\/coachingalicante.com\\\/en\\\/#website\"},\"primaryImageOfPage\":{\"@id\":\"https:\\\/\\\/coachingalicante.com\\\/en\\\/cart\\\/#primaryimage\"},\"image\":{\"@id\":\"https:\\\/\\\/coachingalicante.com\\\/en\\\/cart\\\/#primaryimage\"},\"thumbnailUrl\":\"https:\\\/\\\/coachingalicante.com\\\/wp-content\\\/uploads\\\/2025\\\/04\\\/grupovilanova_autonomos_cabecera-min-300x300.jpg\",\"datePublished\":\"2025-04-22T11:55:28+00:00\",\"dateModified\":\"2025-05-07T10:16:20+00:00\",\"breadcrumb\":{\"@id\":\"https:\\\/\\\/coachingalicante.com\\\/en\\\/cart\\\/#breadcrumb\"},\"inLanguage\":\"en-US\",\"potentialAction\":[{\"@type\":\"ReadAction\",\"target\":[\"https:\\\/\\\/coachingalicante.com\\\/en\\\/cart\\\/\"]}]},{\"@type\":\"ImageObject\",\"inLanguage\":\"en-US\",\"@id\":\"https:\\\/\\\/coachingalicante.com\\\/en\\\/cart\\\/#primaryimage\",\"url\":\"https:\\\/\\\/coachingalicante.com\\\/wp-content\\\/uploads\\\/2025\\\/04\\\/grupovilanova_autonomos_cabecera-min-300x300.jpg\",\"contentUrl\":\"https:\\\/\\\/coachingalicante.com\\\/wp-content\\\/uploads\\\/2025\\\/04\\\/grupovilanova_autonomos_cabecera-min-300x300.jpg\"},{\"@type\":\"BreadcrumbList\",\"@id\":\"https:\\\/\\\/coachingalicante.com\\\/en\\\/cart\\\/#breadcrumb\",\"itemListElement\":[{\"@type\":\"ListItem\",\"position\":1,\"name\":\"Portada\",\"item\":\"https:\\\/\\\/coachingalicante.com\\\/en\\\/\"},{\"@type\":\"ListItem\",\"position\":2,\"name\":\"Cart\"}]},{\"@type\":\"WebSite\",\"@id\":\"https:\\\/\\\/coachingalicante.com\\\/en\\\/#website\",\"url\":\"https:\\\/\\\/coachingalicante.com\\\/en\\\/\",\"name\":\"Coaching Alicante\",\"description\":\"\",\"publisher\":{\"@id\":\"https:\\\/\\\/coachingalicante.com\\\/en\\\/#organization\"},\"potentialAction\":[{\"@type\":\"SearchAction\",\"target\":{\"@type\":\"EntryPoint\",\"urlTemplate\":\"https:\\\/\\\/coachingalicante.com\\\/en\\\/?s={search_term_string}\"},\"query-input\":{\"@type\":\"PropertyValueSpecification\",\"valueRequired\":true,\"valueName\":\"search_term_string\"}}],\"inLanguage\":\"en-US\"},{\"@type\":\"Organization\",\"@id\":\"https:\\\/\\\/coachingalicante.com\\\/en\\\/#organization\",\"name\":\"Coaching Alicante\",\"url\":\"https:\\\/\\\/coachingalicante.com\\\/en\\\/\",\"logo\":{\"@type\":\"ImageObject\",\"inLanguage\":\"en-US\",\"@id\":\"https:\\\/\\\/coachingalicante.com\\\/en\\\/#\\\/schema\\\/logo\\\/image\\\/\",\"url\":\"https:\\\/\\\/coachingalicante.com\\\/wp-content\\\/uploads\\\/2025\\\/04\\\/grupovilanova_logo-1.svg\",\"contentUrl\":\"https:\\\/\\\/coachingalicante.com\\\/wp-content\\\/uploads\\\/2025\\\/04\\\/grupovilanova_logo-1.svg\",\"width\":291,\"height\":22,\"caption\":\"Coaching Alicante\"},\"image\":{\"@id\":\"https:\\\/\\\/coachingalicante.com\\\/en\\\/#\\\/schema\\\/logo\\\/image\\\/\"}}]}<\/script>\n<!-- \/ Yoast SEO plugin. -->","yoast_head_json":{"title":"Cart - Coaching Alicante","robots":{"index":"noindex","follow":"nofollow"},"og_locale":"en_US","og_type":"article","og_title":"Cart - Coaching Alicante","og_description":"Carrito Eliminar art\u00edculo Imagen en miniatura Producto Precio Cantidad Subtotal &times; Coaching Fiscal, Mercantil y Financiero para Aut\u00f3nomos 250,00&nbsp;&euro; Coaching Fiscal, Mercantil y Financiero para Aut\u00f3nomos cantidad 250,00&nbsp;&euro; &times; Coaching Mercantil, Fiscal y Financiero para Empresas 250,00&nbsp;&euro; Coaching Mercantil, Fiscal y Financiero para Empresas cantidad 250,00&nbsp;&euro; Actualizar el carrito Aplicar el cup\u00f3n Totales del carrito [&hellip;]","og_url":"https:\/\/coachingalicante.com\/en\/cart\/","og_site_name":"Coaching Alicante","article_modified_time":"2025-05-07T10:16:20+00:00","og_image":[{"url":"https:\/\/coachingalicante.com\/wp-content\/uploads\/2025\/04\/grupovilanova_autonomos_cabecera-min-300x300.jpg","type":"","width":"","height":""}],"twitter_card":"summary_large_image","schema":{"@context":"https:\/\/schema.org","@graph":[{"@type":"WebPage","@id":"https:\/\/coachingalicante.com\/en\/cart\/","url":"https:\/\/coachingalicante.com\/en\/cart\/","name":"Cart - Coaching Alicante","isPartOf":{"@id":"https:\/\/coachingalicante.com\/en\/#website"},"primaryImageOfPage":{"@id":"https:\/\/coachingalicante.com\/en\/cart\/#primaryimage"},"image":{"@id":"https:\/\/coachingalicante.com\/en\/cart\/#primaryimage"},"thumbnailUrl":"https:\/\/coachingalicante.com\/wp-content\/uploads\/2025\/04\/grupovilanova_autonomos_cabecera-min-300x300.jpg","datePublished":"2025-04-22T11:55:28+00:00","dateModified":"2025-05-07T10:16:20+00:00","breadcrumb":{"@id":"https:\/\/coachingalicante.com\/en\/cart\/#breadcrumb"},"inLanguage":"en-US","potentialAction":[{"@type":"ReadAction","target":["https:\/\/coachingalicante.com\/en\/cart\/"]}]},{"@type":"ImageObject","inLanguage":"en-US","@id":"https:\/\/coachingalicante.com\/en\/cart\/#primaryimage","url":"https:\/\/coachingalicante.com\/wp-content\/uploads\/2025\/04\/grupovilanova_autonomos_cabecera-min-300x300.jpg","contentUrl":"https:\/\/coachingalicante.com\/wp-content\/uploads\/2025\/04\/grupovilanova_autonomos_cabecera-min-300x300.jpg"},{"@type":"BreadcrumbList","@id":"https:\/\/coachingalicante.com\/en\/cart\/#breadcrumb","itemListElement":[{"@type":"ListItem","position":1,"name":"Portada","item":"https:\/\/coachingalicante.com\/en\/"},{"@type":"ListItem","position":2,"name":"Cart"}]},{"@type":"WebSite","@id":"https:\/\/coachingalicante.com\/en\/#website","url":"https:\/\/coachingalicante.com\/en\/","name":"Coaching Alicante","description":"","publisher":{"@id":"https:\/\/coachingalicante.com\/en\/#organization"},"potentialAction":[{"@type":"SearchAction","target":{"@type":"EntryPoint","urlTemplate":"https:\/\/coachingalicante.com\/en\/?s={search_term_string}"},"query-input":{"@type":"PropertyValueSpecification","valueRequired":true,"valueName":"search_term_string"}}],"inLanguage":"en-US"},{"@type":"Organization","@id":"https:\/\/coachingalicante.com\/en\/#organization","name":"Coaching Alicante","url":"https:\/\/coachingalicante.com\/en\/","logo":{"@type":"ImageObject","inLanguage":"en-US","@id":"https:\/\/coachingalicante.com\/en\/#\/schema\/logo\/image\/","url":"https:\/\/coachingalicante.com\/wp-content\/uploads\/2025\/04\/grupovilanova_logo-1.svg","contentUrl":"https:\/\/coachingalicante.com\/wp-content\/uploads\/2025\/04\/grupovilanova_logo-1.svg","width":291,"height":22,"caption":"Coaching Alicante"},"image":{"@id":"https:\/\/coachingalicante.com\/en\/#\/schema\/logo\/image\/"}}]}},"_links":{"self":[{"href":"https:\/\/coachingalicante.com\/en\/wp-json\/wp\/v2\/pages\/299","targetHints":{"allow":["GET"]}}],"collection":[{"href":"https:\/\/coachingalicante.com\/en\/wp-json\/wp\/v2\/pages"}],"about":[{"href":"https:\/\/coachingalicante.com\/en\/wp-json\/wp\/v2\/types\/page"}],"author":[{"embeddable":true,"href":"https:\/\/coachingalicante.com\/en\/wp-json\/wp\/v2\/users\/1"}],"replies":[{"embeddable":true,"href":"https:\/\/coachingalicante.com\/en\/wp-json\/wp\/v2\/comments?post=299"}],"version-history":[{"count":0,"href":"https:\/\/coachingalicante.com\/en\/wp-json\/wp\/v2\/pages\/299\/revisions"}],"wp:attachment":[{"href":"https:\/\/coachingalicante.com\/en\/wp-json\/wp\/v2\/media?parent=299"}],"curies":[{"name":"wp","href":"https:\/\/api.w.org\/{rel}","templated":true}]}}